{"id":40348,"date":"2021-01-28T09:50:29","date_gmt":"2021-01-28T09:50:29","guid":{"rendered":"https:\/\/wraparound.nl\/?page_id=40348"},"modified":"2021-09-02T10:47:50","modified_gmt":"2021-09-02T10:47:50","slug":"dealers","status":"publish","type":"page","link":"https:\/\/wraparound.nl\/en\/dealers\/","title":{"rendered":"Dealers"},"content":{"rendered":"<p>[et_pb_section fb_built=&#8221;1&#8243; fullwidth=&#8221;on&#8221; _builder_version=&#8221;3.28&#8243; module_alignment=&#8221;center&#8221; bottom_divider_color=&#8221;#ffffff&#8221;][et_pb_fullwidth_header title=&#8221;Dealers&#8221; background_overlay_color=&#8221;rgba(0,0,0,0.53)&#8221; module_class=&#8221;wn_fullwidth_header_standard&#8221; _builder_version=&#8221;4.7.7&#8243; title_font=&#8221;||||||||&#8221; subhead_font=&#8221;|300|||||||&#8221; subhead_font_size=&#8221;22px&#8221; background_color=&#8221;rgba(0,0,0,0)&#8221; background_image=&#8221;https:\/\/wraparound.nl\/wp-content\/uploads\/2020\/08\/6.jpg&#8221; subhead_font_size_tablet=&#8221;22px&#8221; subhead_font_size_phone=&#8221;20px&#8221; subhead_font_size_last_edited=&#8221;on|phone&#8221; button_one_text_size__hover_enabled=&#8221;off&#8221; button_one_text_size__hover=&#8221;null&#8221; button_two_text_size__hover_enabled=&#8221;off&#8221; button_two_text_size__hover=&#8221;null&#8221; button_one_text_color__hover_enabled=&#8221;off&#8221; button_one_text_color__hover=&#8221;null&#8221; button_two_text_color__hover_enabled=&#8221;off&#8221; button_two_text_color__hover=&#8221;null&#8221; button_one_border_width__hover_enabled=&#8221;off&#8221; button_one_border_width__hover=&#8221;null&#8221; button_two_border_width__hover_enabled=&#8221;off&#8221; button_two_border_width__hover=&#8221;null&#8221; button_one_border_color__hover_enabled=&#8221;off&#8221; button_one_border_color__hover=&#8221;null&#8221; button_two_border_color__hover_enabled=&#8221;off&#8221; button_two_border_color__hover=&#8221;null&#8221; button_one_border_radius__hover_enabled=&#8221;off&#8221; button_one_border_radius__hover=&#8221;null&#8221; button_two_border_radius__hover_enabled=&#8221;off&#8221; button_two_border_radius__hover=&#8221;null&#8221; button_one_letter_spacing__hover_enabled=&#8221;off&#8221; button_one_letter_spacing__hover=&#8221;null&#8221; button_two_letter_spacing__hover_enabled=&#8221;off&#8221; button_two_letter_spacing__hover=&#8221;null&#8221; button_one_bg_color__hover_enabled=&#8221;off&#8221; button_one_bg_color__hover=&#8221;null&#8221; button_two_bg_color__hover_enabled=&#8221;off&#8221; button_two_bg_color__hover=&#8221;null&#8221;][\/et_pb_fullwidth_header][\/et_pb_section][et_pb_section fb_built=&#8221;1&#8243; disabled_on=&#8221;off|off|off&#8221; _builder_version=&#8221;4.7.7&#8243; border_color_all=&#8221;#d6d6d6&#8243; border_width_bottom=&#8221;1px&#8221;][et_pb_row module_class=&#8221;align-row&#8221; _builder_version=&#8221;4.8.2&#8243; background_size=&#8221;initial&#8221; background_position=&#8221;top_left&#8221; background_repeat=&#8221;repeat&#8221;][et_pb_column type=&#8221;4_4&#8243; _builder_version=&#8221;3.25&#8243; custom_padding=&#8221;|||&#8221; custom_padding__hover=&#8221;|||&#8221;][et_pb_text _builder_version=&#8221;4.8.2&#8243;]<\/p>\n<h2>Onze Wrap-Around\u00ae Dealers<\/h2>\n<p>[\/et_pb_text][et_pb_text _builder_version=&#8221;3.27.4&#8243;]<\/p>\n<div class=\"et_pb_module et_pb_divider wn_divider et_pb_divider_position_ et_pb_space\">\n<div class=\"et_pb_divider_internal\"><\/div>\n<\/div>\n<p>[\/et_pb_text][et_pb_text _builder_version=&#8221;4.8.2&#8243; _module_preset=&#8221;default&#8221;]<\/p>\n<p>Wrap-Around\u00ae is direct leverbaar bij verschillende partijen. Onderstaande partijen leveren aan zowel openbare ruimtes &amp; bedrijven als priv\u00e9personen. Dealer worden? Neem contact op via ons <a href=\"https:\/\/wraparound.nl\/contact\/\">contactformulier<\/a>.<\/p>\n<p>[\/et_pb_text][\/et_pb_column][\/et_pb_row][\/et_pb_section][et_pb_section fb_built=&#8221;1&#8243; _builder_version=&#8221;4.7.7&#8243; _module_preset=&#8221;default&#8221;][et_pb_row column_structure=&#8221;1_4,1_4,1_4,1_4&#8243; _builder_version=&#8221;4.8.2&#8243; _module_preset=&#8221;default&#8221; hover_enabled=&#8221;0&#8243; sticky_enabled=&#8221;0&#8243;][et_pb_column type=&#8221;1_4&#8243; _builder_version=&#8221;4.7.7&#8243; _module_preset=&#8221;default&#8221;][et_pb_text _builder_version=&#8221;4.9.4&#8243; _module_preset=&#8221;default&#8221;]<\/p>\n<p><strong>Nederland<\/strong><br \/><a href=\"https:\/\/www.vloerglijders.nl\" target=\"_blank\" rel=\"noopener\">Vloerglijders<\/a><br \/><a href=\"https:\/\/www.hellochair.nl\/\" target=\"_blank\" rel=\"noopener\">HelloChair<\/a><\/p>\n<p>[\/et_pb_text][et_pb_text _builder_version=&#8221;4.8.2&#8243; _module_preset=&#8221;default&#8221;]<\/p>\n<p><strong>Denemarken<\/strong><br \/><a href=\"https:\/\/evaerikssondesign.se\/\" target=\"_blank\" rel=\"noopener\">Eva Eriksson Design<\/a><\/p>\n<p>[\/et_pb_text][et_pb_text _builder_version=&#8221;4.8.2&#8243; _module_preset=&#8221;default&#8221;]<\/p>\n<p><strong>Groenland<\/strong><br \/><a href=\"https:\/\/evaerikssondesign.se\/\" target=\"_blank\" rel=\"noopener\">Eva Eriksson Design<\/a><\/p>\n<p>[\/et_pb_text][\/et_pb_column][et_pb_column type=&#8221;1_4&#8243; _builder_version=&#8221;4.7.7&#8243; _module_preset=&#8221;default&#8221;][et_pb_text admin_label=&#8221;Tekst&#8221; _builder_version=&#8221;4.9.4&#8243; _module_preset=&#8221;default&#8221;]<\/p>\n<p><strong>Belgi\u00eb<\/strong><br \/><a href=\"https:\/\/www.vloerglijders.nl\" target=\"_blank\" rel=\"noopener\">Vloerglijders<\/a><\/p>\n<p>[\/et_pb_text][et_pb_text _builder_version=&#8221;4.8.2&#8243; _module_preset=&#8221;default&#8221;]<\/p>\n<p><strong>Noorwegen<\/strong><br \/><a href=\"https:\/\/evaerikssondesign.se\/\" target=\"_blank\" rel=\"noopener\">Eva Eriksson Design<\/a><\/p>\n<p>[\/et_pb_text][et_pb_text _builder_version=&#8221;4.8.2&#8243; _module_preset=&#8221;default&#8221;]<\/p>\n<p><strong>Faer\u00f6er Eilanden<\/strong><br \/><a href=\"https:\/\/evaerikssondesign.se\/\" target=\"_blank\" rel=\"noopener\">Eva Eriksson Design<\/a><\/p>\n<p>[\/et_pb_text][\/et_pb_column][et_pb_column type=&#8221;1_4&#8243; _builder_version=&#8221;4.7.7&#8243; _module_preset=&#8221;default&#8221;][et_pb_text _builder_version=&#8221;4.9.4&#8243; _module_preset=&#8221;default&#8221;]<\/p>\n<p><strong>Duitsland<\/strong><br \/><a href=\"https:\/\/www.moebelgleiter-onlineshop.de\/\" target=\"_blank\" rel=\"noopener\"><span>M\u00f6belgleiter-Onlineshop<\/span><\/a><\/p>\n<p>[\/et_pb_text][et_pb_text _builder_version=&#8221;4.8.2&#8243; _module_preset=&#8221;default&#8221;]<\/p>\n<p><strong>Finland<\/strong><br \/><a href=\"https:\/\/evaerikssondesign.se\/\" target=\"_blank\" rel=\"noopener\">Eva Eriksson Design<\/a><\/p>\n<p>[\/et_pb_text][et_pb_text _builder_version=&#8221;4.8.2&#8243; _module_preset=&#8221;default&#8221; custom_padding=&#8221;1px|||||&#8221;]<\/p>\n<p><strong>\u00c5land<\/strong><br \/><a href=\"https:\/\/evaerikssondesign.se\/\" target=\"_blank\" rel=\"noopener\">Eva Eriksson Design<\/a><\/p>\n<p>[\/et_pb_text][\/et_pb_column][et_pb_column type=&#8221;1_4&#8243; _builder_version=&#8221;4.7.7&#8243; _module_preset=&#8221;default&#8221;][et_pb_text _builder_version=&#8221;4.8.2&#8243; _module_preset=&#8221;default&#8221;]<\/p>\n<p><strong>Zweden<\/strong><br \/><a href=\"https:\/\/evaerikssondesign.se\/\" target=\"_blank\" rel=\"noopener\">Eva Eriksson Design<\/a><\/p>\n<p>[\/et_pb_text][et_pb_text _builder_version=&#8221;4.9.4&#8243; _module_preset=&#8221;default&#8221;]<\/p>\n<p><strong>Zwitserland<\/strong><br \/><a href=\"https:\/\/bellton.ch\/\">Bellton<\/a><\/p>\n<p>[\/et_pb_text][et_pb_text _builder_version=&#8221;4.8.2&#8243; _module_preset=&#8221;default&#8221;]<\/p>\n<p><strong>Ijsland<\/strong><br \/><a href=\"https:\/\/evaerikssondesign.se\/\" target=\"_blank\" rel=\"noopener\">Eva Eriksson Design<\/a><\/p>\n<p>[\/et_pb_text][\/et_pb_column][\/et_pb_row][\/et_pb_section]<\/p>\n","protected":false},"excerpt":{"rendered":"<p>Onze Wrap-Around\u00ae DealersWrap-Around\u00ae is direct leverbaar bij verschillende partijen. Onderstaande partijen leveren aan zowel openbare ruimtes &amp; bedrijven als priv\u00e9personen. Dealer worden? Neem contact op via ons contactformulier.NederlandVloerglijdersHelloChairDenemarkenEva Eriksson DesignGroenlandEva Eriksson DesignBelgi\u00ebVloerglijdersNoorwegenEva Eriksson DesignFaer\u00f6er EilandenEva Eriksson DesignDuitslandM\u00f6belgleiter-OnlineshopFinlandEva Eriksson Design\u00c5landEva Eriksson DesignZwedenEva Eriksson DesignZwitserlandBelltonIjslandEva Eriksson Design<\/p>","protected":false},"author":1,"featured_media":0,"parent":0,"menu_order":0,"comment_status":"closed","ping_status":"closed","template":"","meta":{"_et_pb_use_builder":"on","_et_pb_old_content":"","_et_gb_content_width":"","footnotes":""},"categories":[],"tags":[],"class_list":["post-40348","page","type-page","status-publish","hentry"],"_links":{"self":[{"href":"https:\/\/wraparound.nl\/en\/wp-json\/wp\/v2\/pages\/40348","targetHints":{"allow":["GET"]}}],"collection":[{"href":"https:\/\/wraparound.nl\/en\/wp-json\/wp\/v2\/pages"}],"about":[{"href":"https:\/\/wraparound.nl\/en\/wp-json\/wp\/v2\/types\/page"}],"author":[{"embeddable":true,"href":"https:\/\/wraparound.nl\/en\/wp-json\/wp\/v2\/users\/1"}],"replies":[{"embeddable":true,"href":"https:\/\/wraparound.nl\/en\/wp-json\/wp\/v2\/comments?post=40348"}],"version-history":[{"count":40,"href":"https:\/\/wraparound.nl\/en\/wp-json\/wp\/v2\/pages\/40348\/revisions"}],"predecessor-version":[{"id":41079,"href":"https:\/\/wraparound.nl\/en\/wp-json\/wp\/v2\/pages\/40348\/revisions\/41079"}],"wp:attachment":[{"href":"https:\/\/wraparound.nl\/en\/wp-json\/wp\/v2\/media?parent=40348"}],"wp:term":[{"taxonomy":"category","embeddable":true,"href":"https:\/\/wraparound.nl\/en\/wp-json\/wp\/v2\/categories?post=40348"},{"taxonomy":"post_tag","embeddable":true,"href":"https:\/\/wraparound.nl\/en\/wp-json\/wp\/v2\/tags?post=40348"}],"curies":[{"name":"wp","href":"https:\/\/api.w.org\/{rel}","templated":true}]}}